{"id":2,"date":"2012-11-18T20:21:58","date_gmt":"2012-11-18T20:21:58","guid":{"rendered":"http:\/\/kuchnia6c.pl\/?page_id=2"},"modified":"2025-10-06T07:22:07","modified_gmt":"2025-10-06T05:22:07","slug":"przykladowa-strona","status":"publish","type":"page","link":"http:\/\/www.kuchnia6c.pl\/?page_id=2","title":{"rendered":"MENU"},"content":{"rendered":"<h1>Zestawy obiadowe:<\/h1>\n<ol>\n<li>Kotlet schabowy (150 g), ziemniaki, sur\u00f3wka <strong>23<\/strong><strong>,00 z\u0142<\/strong><\/li>\n<li>Kotlet mielony (150 g), ziemniaki, sur\u00f3wka <strong>23<\/strong><strong>,00 z\u0142<\/strong><\/li>\n<li>Filet z kurczaka (150 g), ziemniaki, sur\u00f3wka <strong>23<\/strong><strong>,00 z\u0142<\/strong><\/li>\n<li>Pierogi ruskie (7 szt.) <strong>19<\/strong><strong>,00 z\u0142<\/strong><\/li>\n<li>Nale\u015bniki z serem (2 szt.)\u00a0\u00a0<strong>19,00 z\u0142<\/strong><\/li>\n<li>Sa\u0142atka z kurczakiem (400 g) <strong>23<\/strong><strong>,00 z\u0142<\/strong><\/li>\n<li>Zupa dnia (400 ml)\u00a0 <strong>8<\/strong><strong>,<\/strong><strong>00 z\u0142<\/strong><\/li>\n<\/ol>\n<h1>Dodatki:<\/h1>\n<ol>\n<li>Ziemniaki <strong>4<\/strong><strong>,0<\/strong><strong>0 z\u0142<\/strong><\/li>\n<li>Ry\u017c <strong>4,0<\/strong><strong>0 z\u0142<\/strong><\/li>\n<li>Kasza <strong>4,0<\/strong><strong>0 z\u0142<\/strong><\/li>\n<li>Sur\u00f3wka <strong>4,0<\/strong><strong>0 z\u0142<\/strong><\/li>\n<li>Buraczki <strong>5,0<\/strong><strong>0 z\u0142<\/strong><\/li>\n<li>Pieczywo <strong>2,0<\/strong><strong>0 z\u0142<\/strong><\/li>\n<\/ol>\n<h1>Napoje:<\/h1>\n<ol>\n<li>Oran\u017cada <strong>3,00 z\u0142<\/strong><\/li>\n<li>Kompot <strong>3,0<\/strong><strong>0 z\u0142<\/strong><\/li>\n<li>Kawa <strong>8<\/strong><strong>,00 z\u0142<\/strong><\/li>\n<li>Herbata\u00a0 <strong>8<\/strong><strong>,00 z\u0142<\/strong><\/li>\n<\/ol>\n","protected":false},"excerpt":{"rendered":"<p>Zestawy obiadowe: Kotlet schabowy (150 g), ziemniaki, sur\u00f3wka 23,00 z\u0142 Kotlet mielony (150 g), ziemniaki, sur\u00f3wka 23,00 z\u0142 Filet z kurczaka (150 g), ziemniaki, sur\u00f3wka 23,00 z\u0142 Pierogi ruskie (7 szt.) 19,00 z\u0142 Nale\u015bniki z serem (2 szt.)\u00a0\u00a019,00 z\u0142 Sa\u0142atka z kurczakiem (400 g) 23,00 z\u0142 Zupa dnia (400 ml)\u00a0 8,00 z\u0142 Dodatki: Ziemniaki 4,00 [&hellip;]<\/p>\n","protected":false},"author":1,"featured_media":0,"parent":0,"menu_order":0,"comment_status":"closed","ping_status":"open","template":"","meta":{"footnotes":""},"class_list":["post-2","page","type-page","status-publish","hentry"],"_links":{"self":[{"href":"http:\/\/www.kuchnia6c.pl\/index.php?rest_route=\/wp\/v2\/pages\/2","targetHints":{"allow":["GET"]}}],"collection":[{"href":"http:\/\/www.kuchnia6c.pl\/index.php?rest_route=\/wp\/v2\/pages"}],"about":[{"href":"http:\/\/www.kuchnia6c.pl\/index.php?rest_route=\/wp\/v2\/types\/page"}],"author":[{"embeddable":true,"href":"http:\/\/www.kuchnia6c.pl\/index.php?rest_route=\/wp\/v2\/users\/1"}],"replies":[{"embeddable":true,"href":"http:\/\/www.kuchnia6c.pl\/index.php?rest_route=%2Fwp%2Fv2%2Fcomments&post=2"}],"version-history":[{"count":57,"href":"http:\/\/www.kuchnia6c.pl\/index.php?rest_route=\/wp\/v2\/pages\/2\/revisions"}],"predecessor-version":[{"id":7126,"href":"http:\/\/www.kuchnia6c.pl\/index.php?rest_route=\/wp\/v2\/pages\/2\/revisions\/7126"}],"wp:attachment":[{"href":"http:\/\/www.kuchnia6c.pl\/index.php?rest_route=%2Fwp%2Fv2%2Fmedia&parent=2"}],"curies":[{"name":"wp","href":"https:\/\/api.w.org\/{rel}","templated":true}]}}